{"id":766,"date":"2023-06-09T17:40:15","date_gmt":"2023-06-09T17:40:15","guid":{"rendered":"https:\/\/demo.asg.gl\/siulersuisut\/"},"modified":"2024-05-23T10:19:39","modified_gmt":"2024-05-23T10:19:39","slug":"siulersuisut","status":"publish","type":"page","link":"https:\/\/asg.gl\/kl\/ik\/siulersuisut\/","title":{"rendered":"Siulersuisut"},"content":{"rendered":"\t\t<div data-elementor-type=\"wp-page\" data-elementor-id=\"766\" class=\"elementor elementor-766 elementor-14\" data-elementor-settings=\"{&quot;element_pack_global_tooltip_width&quot;:{&quot;unit&quot;:&quot;px&quot;,&quot;size&quot;:&quot;&quot;,&quot;sizes&quot;:[]},&quot;element_pack_global_tooltip_width_tablet&quot;:{&quot;unit&quot;:&quot;px&quot;,&quot;size&quot;:&quot;&quot;,&quot;sizes&quot;:[]},&quot;element_pack_global_tooltip_width_mobile&quot;:{&quot;unit&quot;:&quot;px&quot;,&quot;size&quot;:&quot;&quot;,&quot;sizes&quot;:[]},&quot;element_pack_global_tooltip_padding&quot;:{&quot;unit&quot;:&quot;px&quot;,&quot;top&quot;:&quot;&quot;,&quot;right&quot;:&quot;&quot;,&quot;bottom&quot;:&quot;&quot;,&quot;left&quot;:&quot;&quot;,&quot;isLinked&quot;:true},&quot;element_pack_global_tooltip_padding_tablet&quot;:{&quot;unit&quot;:&quot;px&quot;,&quot;top&quot;:&quot;&quot;,&quot;right&quot;:&quot;&quot;,&quot;bottom&quot;:&quot;&quot;,&quot;left&quot;:&quot;&quot;,&quot;isLinked&quot;:true},&quot;element_pack_global_tooltip_padding_mobile&quot;:{&quot;unit&quot;:&quot;px&quot;,&quot;top&quot;:&quot;&quot;,&quot;right&quot;:&quot;&quot;,&quot;bottom&quot;:&quot;&quot;,&quot;left&quot;:&quot;&quot;,&quot;isLinked&quot;:true},&quot;element_pack_global_tooltip_border_radius&quot;:{&quot;unit&quot;:&quot;px&quot;,&quot;top&quot;:&quot;&quot;,&quot;right&quot;:&quot;&quot;,&quot;bottom&quot;:&quot;&quot;,&quot;left&quot;:&quot;&quot;,&quot;isLinked&quot;:true},&quot;element_pack_global_tooltip_border_radius_tablet&quot;:{&quot;unit&quot;:&quot;px&quot;,&quot;top&quot;:&quot;&quot;,&quot;right&quot;:&quot;&quot;,&quot;bottom&quot;:&quot;&quot;,&quot;left&quot;:&quot;&quot;,&quot;isLinked&quot;:true},&quot;element_pack_global_tooltip_border_radius_mobile&quot;:{&quot;unit&quot;:&quot;px&quot;,&quot;top&quot;:&quot;&quot;,&quot;right&quot;:&quot;&quot;,&quot;bottom&quot;:&quot;&quot;,&quot;left&quot;:&quot;&quot;,&quot;isLinked&quot;:true}}\" data-elementor-post-type=\"page\">\n\t\t\t\t<div class=\"elementor-element elementor-element-8811871 e-flex e-con-boxed e-con e-parent\" data-id=\"8811871\" data-element_type=\"container\" data-e-type=\"container\" data-settings=\"{&quot;background_background&quot;:&quot;classic&quot;}\">\n\t\t\t\t\t<div class=\"e-con-inner\">\n\t\t<div class=\"elementor-element elementor-element-e795d47 e-flex e-con-boxed e-con e-child\" data-id=\"e795d47\" data-element_type=\"container\" data-e-type=\"container\">\n\t\t\t\t\t<div class=\"e-con-inner\">\n\t\t\t\t<div class=\"elementor-element elementor-element-caa4a54 elementor-widget elementor-widget-heading\" data-id=\"caa4a54\" data-element_type=\"widget\" data-e-type=\"widget\" data-widget_type=\"heading.default\">\n\t\t\t\t<div class=\"elementor-widget-container\">\n\t\t\t\t\t<h1 class=\"elementor-heading-title elementor-size-default\">Siulersuisut<\/h1>\t\t\t\t<\/div>\n\t\t\t\t<\/div>\n\t\t\t\t<div class=\"elementor-element elementor-element-6853428 elementor-widget elementor-widget-bdt-breadcrumbs\" data-id=\"6853428\" data-element_type=\"widget\" data-e-type=\"widget\" data-widget_type=\"bdt-breadcrumbs.default\">\n\t\t\t\t<div class=\"elementor-widget-container\">\n\t\t\t\t\t<div class='bdt-ep-breadcrumbs-wrapper'><ul class=\"bdt-ep-breadcrumb   breadcrumb-align-right\"><li><a href=\"https:\/\/asg.gl\/kl\/\">ASG<\/a><\/li>\n<li><span> Page<\/span><\/li>\n<\/ul><\/div>\t\t\t\t<\/div>\n\t\t\t\t<\/div>\n\t\t\t\t\t<\/div>\n\t\t\t\t<\/div>\n\t\t\t\t\t<\/div>\n\t\t\t\t<\/div>\n\t\t<div class=\"elementor-element elementor-element-7c067f0 e-flex e-con-boxed e-con e-parent\" data-id=\"7c067f0\" data-element_type=\"container\" data-e-type=\"container\" data-settings=\"{&quot;background_background&quot;:&quot;classic&quot;}\">\n\t\t\t\t\t<div class=\"e-con-inner\">\n\t\t<div class=\"elementor-element elementor-element-467cef5 e-con-full e-flex e-con e-child\" data-id=\"467cef5\" data-element_type=\"container\" data-e-type=\"container\" data-settings=\"{&quot;sticky&quot;:&quot;top&quot;,&quot;sticky_on&quot;:[&quot;desktop&quot;,&quot;tablet&quot;],&quot;sticky_offset&quot;:100,&quot;sticky_parent&quot;:&quot;yes&quot;,&quot;sticky_effects_offset&quot;:0}\">\n\t\t\t\t<div class=\"elementor-element elementor-element-86ff2b7 elementor-widget elementor-widget-heading\" data-id=\"86ff2b7\" data-element_type=\"widget\" data-e-type=\"widget\" data-widget_type=\"heading.default\">\n\t\t\t\t<div class=\"elementor-widget-container\">\n\t\t\t\t\t<h2 class=\"elementor-heading-title elementor-size-default\">ASG<\/h2>\t\t\t\t<\/div>\n\t\t\t\t<\/div>\n\t\t\t\t<div class=\"elementor-element elementor-element-f5ab806 elementor-icon-list--layout-traditional elementor-list-item-link-full_width elementor-widget elementor-widget-icon-list\" data-id=\"f5ab806\" data-element_type=\"widget\" data-e-type=\"widget\" data-widget_type=\"icon-list.default\">\n\t\t\t\t<div class=\"elementor-widget-container\">\n\t\t\t\t\t\t\t<ul class=\"elementor-icon-list-items\">\n\t\t\t\t\t\t\t<li class=\"elementor-icon-list-item\">\n\t\t\t\t\t\t\t\t\t\t\t<a href=\"https:\/\/asg.gl\/kl\/ik\/asg-pillugu\/\">\n\n\t\t\t\t\t\t\t\t\t\t\t\t<span class=\"elementor-icon-list-icon\">\n\t\t\t\t\t\t\t<i aria-hidden=\"true\" class=\"fas fa-circle\"><\/i>\t\t\t\t\t\t<\/span>\n\t\t\t\t\t\t\t\t\t\t<span class=\"elementor-icon-list-text\">IK\/ASG pillugu<\/span>\n\t\t\t\t\t\t\t\t\t\t\t<\/a>\n\t\t\t\t\t\t\t\t\t<\/li>\n\t\t\t\t\t\t\t\t<li class=\"elementor-icon-list-item\">\n\t\t\t\t\t\t\t\t\t\t\t<a href=\"https:\/\/asg.gl\/kl\/ik\/siulersuisut\/\">\n\n\t\t\t\t\t\t\t\t\t\t\t\t<span class=\"elementor-icon-list-icon\">\n\t\t\t\t\t\t\t<i aria-hidden=\"true\" class=\"fas fa-circle\"><\/i>\t\t\t\t\t\t<\/span>\n\t\t\t\t\t\t\t\t\t\t<span class=\"elementor-icon-list-text\">Siulersuisut<\/span>\n\t\t\t\t\t\t\t\t\t\t\t<\/a>\n\t\t\t\t\t\t\t\t\t<\/li>\n\t\t\t\t\t\t\t\t<li class=\"elementor-icon-list-item\">\n\t\t\t\t\t\t\t\t\t\t\t<a href=\"https:\/\/asg.gl\/asg\/vedtaegter\/\">\n\n\t\t\t\t\t\t\t\t\t\t\t\t<span class=\"elementor-icon-list-icon\">\n\t\t\t\t\t\t\t<i aria-hidden=\"true\" class=\"fas fa-circle\"><\/i>\t\t\t\t\t\t<\/span>\n\t\t\t\t\t\t\t\t\t\t<span class=\"elementor-icon-list-text\">Malittarisassat<\/span>\n\t\t\t\t\t\t\t\t\t\t\t<\/a>\n\t\t\t\t\t\t\t\t\t<\/li>\n\t\t\t\t\t\t\t\t<li class=\"elementor-icon-list-item\">\n\t\t\t\t\t\t\t\t\t\t\t<a href=\"https:\/\/asg.gl\/kl\/ik\/aaqqissuussat\/\">\n\n\t\t\t\t\t\t\t\t\t\t\t\t<span class=\"elementor-icon-list-icon\">\n\t\t\t\t\t\t\t<i aria-hidden=\"true\" class=\"fas fa-circle\"><\/i>\t\t\t\t\t\t<\/span>\n\t\t\t\t\t\t\t\t\t\t<span class=\"elementor-icon-list-text\">Aaqqissuussat<\/span>\n\t\t\t\t\t\t\t\t\t\t\t<\/a>\n\t\t\t\t\t\t\t\t\t<\/li>\n\t\t\t\t\t\t<\/ul>\n\t\t\t\t\t\t<\/div>\n\t\t\t\t<\/div>\n\t\t\t\t<\/div>\n\t\t<div class=\"elementor-element elementor-element-a97b81b e-con-full e-flex e-con e-child\" data-id=\"a97b81b\" data-element_type=\"container\" data-e-type=\"container\" data-settings=\"{&quot;background_background&quot;:&quot;classic&quot;}\">\n\t\t\t\t<div class=\"elementor-element elementor-element-e70fbc7 vertical-border-remove-yes elementor-widget elementor-widget-bdt-table\" data-id=\"e70fbc7\" data-element_type=\"widget\" data-e-type=\"widget\" data-widget_type=\"bdt-table.default\">\n\t\t\t\t<div class=\"elementor-widget-container\">\n\t\t\t\t\t\t\t<div class=\"bdt-table bdt-overflow-auto  bdt-data-table\" id=\"bdt-table-e70fbc7\" data-settings=\"{&quot;paging&quot;:true,&quot;info&quot;:true,&quot;searching&quot;:true,&quot;ordering&quot;:true}\">\n\n\n\t\t\t<table border=\"1\">\n    <thead>\n        <tr>\n            <th colspan=\"2\">Siulersuisut<\/th>\n        <\/tr>\n    <\/thead>\n    <tbody>\n        <tr>\n            <td>Lene Kn\u00fcppel (DJ\u00d8F)<\/td>\n            <td>Siulersuisut siulittaasuat<\/td>\n        <\/tr>\n        <tr>\n            <td>Line Riis Christiansen (DM)<\/td>\n            <td>Silittaasup tullia<\/td>\n        <\/tr>\n        <tr>\n            <td>Janus K\u00f8ster (IDA)<\/td>\n            <td>Aningaaserisoq, Siulersuisuni ilaasortaq<\/td>\n        <\/tr>\n        <tr>\n            <td>Oliver Urup (GL)<\/td>\n            <td>Siulersuisuni ilaasortaq<\/td>\n        <\/tr>\n        <tr>\n            <td>Ivalo Reimer (Pr\u00e6steforeningen)<\/td>\n            <td>Siulersuisuni ilaasortaq<\/td>\n        <\/tr>\n        <tr>\n            <td>Dorte Juul Munch (DJ\u00d8F)<\/td>\n            <td>Siulersuisuni ilaasortaq<\/td>\n        <\/tr>\n        <!-- New row added below -->\n        <tr>\n            <td>Vibe Schytz (Dansk Psykolog Forening)<\/td>\n            <td>Siulersuisuni ilaasortaq<\/td>\n        <\/tr>\n    <\/tbody>\n    <thead>\n        <tr>\n            <th colspan=\"2\">Sinniisussat<\/th>\n        <\/tr>\n    <\/thead>\n    <tbody>\n        <tr>\n            <td>Mike Villadsen (DJ\u00d8F)<\/td>\n            <td><\/td>\n        <\/tr>\n        <tr>\n            <td>Trine Guld (GL)<\/td>\n            <td><\/td>\n        <\/tr>\n        <tr>\n            <td>Denise Schroeder (DM)<\/td>\n            <td><\/td>\n        <\/tr>\n    <\/tbody>\n    <thead>\n        <tr>\n            <th colspan=\"2\">Allattoqarfik<\/th>\n        <\/tr>\n    <\/thead>\n    <tbody>\n        <tr>\n            <td>Sarah Nielsen<\/td>\n            <td><\/td>\n        <\/tr>\n    <\/tbody>\n<\/table>\n\t\t<\/div>\n\t\t\t\t\t\t<\/div>\n\t\t\t\t<\/div>\n\t\t\t\t<\/div>\n\t\t\t\t\t<\/div>\n\t\t\t\t<\/div>\n\t\t\t\t<\/div>\n\t\t","protected":false},"excerpt":{"rendered":"<p>ASG ASG IK\/ASG pillugu Siulersuisut Malittarisassat Aaqqissuussat Siulersuisut Lene Kn\u00fcppel (DJ\u00d8F) Siulersuisut siulittaasuat Line Riis Christiansen (DM) Silittaasup tullia Janus K\u00f8ster (IDA) Aningaaserisoq, Siulersuisuni ilaasortaq Oliver Urup (GL) Siulersuisuni ilaasortaq Ivalo Reimer (Pr\u00e6steforeningen) Siulersuisuni ilaasortaq Dorte Juul Munch (DJ\u00d8F) Siulersuisuni ilaasortaq Vibe Schytz (Dansk Psykolog Forening) Siulersuisuni ilaasortaq Sinniisussat Mike Villadsen (DJ\u00d8F) Trine Guld (GL) [&hellip;]<\/p>\n","protected":false},"author":1,"featured_media":0,"parent":774,"menu_order":0,"comment_status":"closed","ping_status":"closed","template":"","meta":{"footnotes":""},"class_list":["post-766","page","type-page","status-publish","hentry"],"_links":{"self":[{"href":"https:\/\/asg.gl\/kl\/wp-json\/wp\/v2\/pages\/766","targetHints":{"allow":["GET"]}}],"collection":[{"href":"https:\/\/asg.gl\/kl\/wp-json\/wp\/v2\/pages"}],"about":[{"href":"https:\/\/asg.gl\/kl\/wp-json\/wp\/v2\/types\/page"}],"author":[{"embeddable":true,"href":"https:\/\/asg.gl\/kl\/wp-json\/wp\/v2\/users\/1"}],"replies":[{"embeddable":true,"href":"https:\/\/asg.gl\/kl\/wp-json\/wp\/v2\/comments?post=766"}],"version-history":[{"count":13,"href":"https:\/\/asg.gl\/kl\/wp-json\/wp\/v2\/pages\/766\/revisions"}],"predecessor-version":[{"id":817,"href":"https:\/\/asg.gl\/kl\/wp-json\/wp\/v2\/pages\/766\/revisions\/817"}],"up":[{"embeddable":true,"href":"https:\/\/asg.gl\/kl\/wp-json\/wp\/v2\/pages\/774"}],"wp:attachment":[{"href":"https:\/\/asg.gl\/kl\/wp-json\/wp\/v2\/media?parent=766"}],"curies":[{"name":"wp","href":"https:\/\/api.w.org\/{rel}","templated":true}]}}