{"id":777,"date":"2023-06-09T17:39:53","date_gmt":"2023-06-09T17:39:53","guid":{"rendered":"https:\/\/demo.asg.gl\/ik\/asg-pillugu\/"},"modified":"2024-05-12T10:46:10","modified_gmt":"2024-05-12T10:46:10","slug":"asg-pillugu","status":"publish","type":"page","link":"https:\/\/asg.gl\/kl\/ik\/asg-pillugu\/","title":{"rendered":"ASG pillugu"},"content":{"rendered":"\t\t<div data-elementor-type=\"wp-page\" data-elementor-id=\"777\" class=\"elementor elementor-777 elementor-12\" data-elementor-settings=\"{&quot;element_pack_global_tooltip_width&quot;:{&quot;unit&quot;:&quot;px&quot;,&quot;size&quot;:&quot;&quot;,&quot;sizes&quot;:[]},&quot;element_pack_global_tooltip_width_tablet&quot;:{&quot;unit&quot;:&quot;px&quot;,&quot;size&quot;:&quot;&quot;,&quot;sizes&quot;:[]},&quot;element_pack_global_tooltip_width_mobile&quot;:{&quot;unit&quot;:&quot;px&quot;,&quot;size&quot;:&quot;&quot;,&quot;sizes&quot;:[]},&quot;element_pack_global_tooltip_padding&quot;:{&quot;unit&quot;:&quot;px&quot;,&quot;top&quot;:&quot;&quot;,&quot;right&quot;:&quot;&quot;,&quot;bottom&quot;:&quot;&quot;,&quot;left&quot;:&quot;&quot;,&quot;isLinked&quot;:true},&quot;element_pack_global_tooltip_padding_tablet&quot;:{&quot;unit&quot;:&quot;px&quot;,&quot;top&quot;:&quot;&quot;,&quot;right&quot;:&quot;&quot;,&quot;bottom&quot;:&quot;&quot;,&quot;left&quot;:&quot;&quot;,&quot;isLinked&quot;:true},&quot;element_pack_global_tooltip_padding_mobile&quot;:{&quot;unit&quot;:&quot;px&quot;,&quot;top&quot;:&quot;&quot;,&quot;right&quot;:&quot;&quot;,&quot;bottom&quot;:&quot;&quot;,&quot;left&quot;:&quot;&quot;,&quot;isLinked&quot;:true},&quot;element_pack_global_tooltip_border_radius&quot;:{&quot;unit&quot;:&quot;px&quot;,&quot;top&quot;:&quot;&quot;,&quot;right&quot;:&quot;&quot;,&quot;bottom&quot;:&quot;&quot;,&quot;left&quot;:&quot;&quot;,&quot;isLinked&quot;:true},&quot;element_pack_global_tooltip_border_radius_tablet&quot;:{&quot;unit&quot;:&quot;px&quot;,&quot;top&quot;:&quot;&quot;,&quot;right&quot;:&quot;&quot;,&quot;bottom&quot;:&quot;&quot;,&quot;left&quot;:&quot;&quot;,&quot;isLinked&quot;:true},&quot;element_pack_global_tooltip_border_radius_mobile&quot;:{&quot;unit&quot;:&quot;px&quot;,&quot;top&quot;:&quot;&quot;,&quot;right&quot;:&quot;&quot;,&quot;bottom&quot;:&quot;&quot;,&quot;left&quot;:&quot;&quot;,&quot;isLinked&quot;:true}}\" data-elementor-post-type=\"page\">\n\t\t\t\t<div class=\"elementor-element elementor-element-9ae3c4b e-flex e-con-boxed e-con e-parent\" data-id=\"9ae3c4b\" data-element_type=\"container\" data-e-type=\"container\" data-settings=\"{&quot;background_background&quot;:&quot;classic&quot;}\">\n\t\t\t\t\t<div class=\"e-con-inner\">\n\t\t<div class=\"elementor-element elementor-element-0293868 e-flex e-con-boxed e-con e-child\" data-id=\"0293868\" data-element_type=\"container\" data-e-type=\"container\">\n\t\t\t\t\t<div class=\"e-con-inner\">\n\t\t\t\t<div class=\"elementor-element elementor-element-7fdcc1c elementor-widget elementor-widget-heading\" data-id=\"7fdcc1c\" data-element_type=\"widget\" data-e-type=\"widget\" data-widget_type=\"heading.default\">\n\t\t\t\t<div class=\"elementor-widget-container\">\n\t\t\t\t\t<h1 class=\"elementor-heading-title elementor-size-default\">ASG pillugu<\/h1>\t\t\t\t<\/div>\n\t\t\t\t<\/div>\n\t\t\t\t<div class=\"elementor-element elementor-element-7bf8d20 elementor-widget elementor-widget-bdt-breadcrumbs\" data-id=\"7bf8d20\" data-element_type=\"widget\" data-e-type=\"widget\" data-widget_type=\"bdt-breadcrumbs.default\">\n\t\t\t\t<div class=\"elementor-widget-container\">\n\t\t\t\t\t<div class='bdt-ep-breadcrumbs-wrapper'><ul class=\"bdt-ep-breadcrumb   breadcrumb-align-right\"><li><a href=\"https:\/\/asg.gl\/kl\/\">ASG<\/a><\/li>\n<li><span> Page<\/span><\/li>\n<\/ul><\/div>\t\t\t\t<\/div>\n\t\t\t\t<\/div>\n\t\t\t\t\t<\/div>\n\t\t\t\t<\/div>\n\t\t\t\t\t<\/div>\n\t\t\t\t<\/div>\n\t\t<div class=\"elementor-element elementor-element-2537c37 e-flex e-con-boxed e-con e-parent\" data-id=\"2537c37\" data-element_type=\"container\" data-e-type=\"container\" data-settings=\"{&quot;background_background&quot;:&quot;classic&quot;}\">\n\t\t\t\t\t<div class=\"e-con-inner\">\n\t\t<div class=\"elementor-element elementor-element-56a35dd e-con-full e-flex e-con e-child\" data-id=\"56a35dd\" data-element_type=\"container\" data-e-type=\"container\" data-settings=\"{&quot;sticky&quot;:&quot;top&quot;,&quot;sticky_on&quot;:[&quot;desktop&quot;,&quot;tablet&quot;],&quot;sticky_offset&quot;:100,&quot;sticky_parent&quot;:&quot;yes&quot;,&quot;sticky_effects_offset&quot;:0}\">\n\t\t\t\t<div class=\"elementor-element elementor-element-fd4cf54 elementor-widget elementor-widget-heading\" data-id=\"fd4cf54\" data-element_type=\"widget\" data-e-type=\"widget\" data-widget_type=\"heading.default\">\n\t\t\t\t<div class=\"elementor-widget-container\">\n\t\t\t\t\t<h2 class=\"elementor-heading-title elementor-size-default\">ASG<\/h2>\t\t\t\t<\/div>\n\t\t\t\t<\/div>\n\t\t\t\t<div class=\"elementor-element elementor-element-fed3e44 elementor-icon-list--layout-traditional elementor-list-item-link-full_width elementor-widget elementor-widget-icon-list\" data-id=\"fed3e44\" data-element_type=\"widget\" data-e-type=\"widget\" data-widget_type=\"icon-list.default\">\n\t\t\t\t<div class=\"elementor-widget-container\">\n\t\t\t\t\t\t\t<ul class=\"elementor-icon-list-items\">\n\t\t\t\t\t\t\t<li class=\"elementor-icon-list-item\">\n\t\t\t\t\t\t\t\t\t\t\t<a href=\"https:\/\/asg.gl\/kl\/ik\/asg-pillugu\/\">\n\n\t\t\t\t\t\t\t\t\t\t\t\t<span class=\"elementor-icon-list-icon\">\n\t\t\t\t\t\t\t<i aria-hidden=\"true\" class=\"fas fa-circle\"><\/i>\t\t\t\t\t\t<\/span>\n\t\t\t\t\t\t\t\t\t\t<span class=\"elementor-icon-list-text\">IK\/ASG pillugu<\/span>\n\t\t\t\t\t\t\t\t\t\t\t<\/a>\n\t\t\t\t\t\t\t\t\t<\/li>\n\t\t\t\t\t\t\t\t<li class=\"elementor-icon-list-item\">\n\t\t\t\t\t\t\t\t\t\t\t<a href=\"https:\/\/asg.gl\/kl\/ik\/siulersuisut\/\">\n\n\t\t\t\t\t\t\t\t\t\t\t\t<span class=\"elementor-icon-list-icon\">\n\t\t\t\t\t\t\t<i aria-hidden=\"true\" class=\"fas fa-circle\"><\/i>\t\t\t\t\t\t<\/span>\n\t\t\t\t\t\t\t\t\t\t<span class=\"elementor-icon-list-text\">Siulersuisut<\/span>\n\t\t\t\t\t\t\t\t\t\t\t<\/a>\n\t\t\t\t\t\t\t\t\t<\/li>\n\t\t\t\t\t\t\t\t<li class=\"elementor-icon-list-item\">\n\t\t\t\t\t\t\t\t\t\t\t<a href=\"https:\/\/asg.gl\/asg\/vedtaegter\/\">\n\n\t\t\t\t\t\t\t\t\t\t\t\t<span class=\"elementor-icon-list-icon\">\n\t\t\t\t\t\t\t<i aria-hidden=\"true\" class=\"fas fa-circle\"><\/i>\t\t\t\t\t\t<\/span>\n\t\t\t\t\t\t\t\t\t\t<span class=\"elementor-icon-list-text\">Malittarisassat<\/span>\n\t\t\t\t\t\t\t\t\t\t\t<\/a>\n\t\t\t\t\t\t\t\t\t<\/li>\n\t\t\t\t\t\t\t\t<li class=\"elementor-icon-list-item\">\n\t\t\t\t\t\t\t\t\t\t\t<a href=\"https:\/\/asg.gl\/kl\/ik\/aaqqissuussat\/\">\n\n\t\t\t\t\t\t\t\t\t\t\t\t<span class=\"elementor-icon-list-icon\">\n\t\t\t\t\t\t\t<i aria-hidden=\"true\" class=\"fas fa-circle\"><\/i>\t\t\t\t\t\t<\/span>\n\t\t\t\t\t\t\t\t\t\t<span class=\"elementor-icon-list-text\">Aaqqissuussat<\/span>\n\t\t\t\t\t\t\t\t\t\t\t<\/a>\n\t\t\t\t\t\t\t\t\t<\/li>\n\t\t\t\t\t\t<\/ul>\n\t\t\t\t\t\t<\/div>\n\t\t\t\t<\/div>\n\t\t\t\t<\/div>\n\t\t<div class=\"elementor-element elementor-element-f463830 e-con-full e-flex e-con e-child\" data-id=\"f463830\" data-element_type=\"container\" data-e-type=\"container\" data-settings=\"{&quot;background_background&quot;:&quot;classic&quot;}\">\n\t\t\t\t<div class=\"elementor-element elementor-element-25c0590 elementor-widget elementor-widget-text-editor\" data-id=\"25c0590\" data-element_type=\"widget\" data-e-type=\"widget\" data-widget_type=\"text-editor.default\">\n\t\t\t\t<div class=\"elementor-widget-container\">\n\t\t\t\t\t\t\t\t\t    <h1>ASG-p siunertaa<\/h1>\n    <h2>Aaqqissuussaanerup siunertaa<\/h2>\n    <p>\n Ilinniagartuut Kattuffiata \/ Akademikernes Sammenslutning i Gr\u00f8nlandip (IK\/ASG-p) siunertaraa ilaasortami aningaasaqarnikkut, inooqataanikkut, kulturikkut, ilisimatusarnikkut ilinniarnikkullu aammalu allatigut ilinniagartuut atugarisaannut ataatsimoorlutik soqutigisaasa isumaginissaat. Ilinniagartuut naleqquttunik atugaqarlutik suliaqarnerisa inuiaqatigiinnut sunniutaat aamma ersarissitikkusuppagut.\n    <\/p>\n\n    <h2>Qanoq ililluni ilaasortanngortoqartarpa?<\/h2>\n    <p>\n IK\/ASG tassaavoq aaqqissuussat danskit assigiinngitsut kattuffiat. Tamanna isumaqarpoq IK\/ASG-mut ilaasortaasut tassaasut aaqqissuussat, taamaalillutik inuinnaat IK\/ASG-mut ilaasortaasinnaanngitsut.\n    <\/p>\n    <p>\n Ilinniagartuut danskiusut ilaannut ilaasortaaguit Kalaallillu Nunaanni najugaqarlutillu suliguit IK\/ASG-mi ilaasortaariissaatit.\n    <\/p>\n\n    <h2>IK\/ASG sulerisuua?<\/h2>\n    <h3>Isumaqatiginninniarnerit<\/h3>\n    <p>\n IK\/ASG tjemestemandit Namminersorlutik Oqartussani kommuniniluunniit atorfillit isumaqatigiissutaasa allanngortinniarneqarneranni IK\/ASG-mut aaqqissuussani ilaasortat pineqartillugit isumaqatiginninniartartuupput. Pingaarnertut aaqqissuussaasup Akademikerne (AC)-p maannamut IK\/ASG isumaqatiginninniarnermi ikiortarpaa.\n    <\/p>\n    <p>\n Isumalioqatiginninniarnermi aaqqissuussat ilaasortaasut ataasiakkaat isumaqatigiinniarsinnaatitaapput. IK\/ASG-lerinermi isumaqatiissutit marluk atuupput: \u201dDJ\u00d8F-overenskomsten\u201d inatsisilerinermi kadidatinut aamma ilisimatusarfinni \u00f8konominut assigisaannullu atuuttoq kiisalu \u201dAC-overenskomsten\u201d ingeni\u00f8rinut, illussanik titartaasartunut, magisterinut tarnillu pissusaannut ilisimasalinnut atuuttoq.\n    <\/p>\n    <p>\n Namminersorlutilli Oqartussat isumaqatiginnniarnermi immikkoortortaqarfiata aaqqissuussat ilaasortaasut tamaasa isumaqatiginninniarsinnaatitaasutut akuerinngilai. Assersuutigalugu uku pineqarput: Den Danske Landinspekt\u00f8rforening, Dansk Farmaceutforening allallu Landinspekt\u00f8rit nakorsaasiortullu taamaammat DSA-p isumaqatigiissutaani civilingeni\u00f8rit aalajangersagaat naapertorlugu atorfinikkajupput.\n    <\/p>\n\n    <h3>Ilaasortanut aaqqissuussat<\/h3>\n    <p>\n IK\/ASG ilaasortaminut pikkorissaanerit, &#8220;soraareernermi ataatsimiinnerit&#8221; assigisaallu aaqqissortarpaat.\n    <\/p>\n    <p>\n IK\/ASG-mi siulersuisut aamma siunnersuutinik tusarnissartik ammaffigiuarpaat. Aqqissuussatut ilaasortanit taakkulu ilaasortaannit aaqqissuussassanut isumassarsiaqartoqarpat tusarusussinnaavagut.\n    <\/p>\n<\/body>\n<\/html>\n\t\t\t\t\t\t\t\t<\/div>\n\t\t\t\t<\/div>\n\t\t\t\t<\/div>\n\t\t\t\t\t<\/div>\n\t\t\t\t<\/div>\n\t\t\t\t<\/div>\n\t\t","protected":false},"excerpt":{"rendered":"<p>ASG ASG IK\/ASG pillugu Siulersuisut Malittarisassat Aaqqissuussat ASG-p siunertaa Aaqqissuussaanerup siunertaa Ilinniagartuut Kattuffiata \/ Akademikernes Sammenslutning i Gr\u00f8nlandip (IK\/ASG-p) siunertaraa ilaasortami aningaasaqarnikkut, inooqataanikkut, kulturikkut, ilisimatusarnikkut ilinniarnikkullu aammalu allatigut ilinniagartuut atugarisaannut ataatsimoorlutik soqutigisaasa isumaginissaat. Ilinniagartuut naleqquttunik atugaqarlutik suliaqarnerisa inuiaqatigiinnut sunniutaat aamma ersarissitikkusuppagut. Qanoq ililluni ilaasortanngortoqartarpa? IK\/ASG tassaavoq aaqqissuussat danskit assigiinngitsut kattuffiat. Tamanna isumaqarpoq IK\/ASG-mut ilaasortaasut tassaasut [&hellip;]<\/p>\n","protected":false},"author":1,"featured_media":0,"parent":774,"menu_order":0,"comment_status":"closed","ping_status":"closed","template":"","meta":{"footnotes":""},"class_list":["post-777","page","type-page","status-publish","hentry"],"_links":{"self":[{"href":"https:\/\/asg.gl\/kl\/wp-json\/wp\/v2\/pages\/777","targetHints":{"allow":["GET"]}}],"collection":[{"href":"https:\/\/asg.gl\/kl\/wp-json\/wp\/v2\/pages"}],"about":[{"href":"https:\/\/asg.gl\/kl\/wp-json\/wp\/v2\/types\/page"}],"author":[{"embeddable":true,"href":"https:\/\/asg.gl\/kl\/wp-json\/wp\/v2\/users\/1"}],"replies":[{"embeddable":true,"href":"https:\/\/asg.gl\/kl\/wp-json\/wp\/v2\/comments?post=777"}],"version-history":[{"count":3,"href":"https:\/\/asg.gl\/kl\/wp-json\/wp\/v2\/pages\/777\/revisions"}],"predecessor-version":[{"id":789,"href":"https:\/\/asg.gl\/kl\/wp-json\/wp\/v2\/pages\/777\/revisions\/789"}],"up":[{"embeddable":true,"href":"https:\/\/asg.gl\/kl\/wp-json\/wp\/v2\/pages\/774"}],"wp:attachment":[{"href":"https:\/\/asg.gl\/kl\/wp-json\/wp\/v2\/media?parent=777"}],"curies":[{"name":"wp","href":"https:\/\/api.w.org\/{rel}","templated":true}]}}